{"id":17,"date":"2015-02-08T14:16:39","date_gmt":"2015-02-08T14:16:39","guid":{"rendered":"http:\/\/localhost\/patrick\/?page_id=17"},"modified":"2017-01-08T09:20:02","modified_gmt":"2017-01-08T09:20:02","slug":"das-team-um-mich","status":"publish","type":"page","link":"http:\/\/www.patrickangelli.at\/?page_id=17","title":{"rendered":"Das Team um mich"},"content":{"rendered":"<p>Hinter einem erfolgreichen Sportler steht auch immer ein professionelles Team. Ohne mein Team w\u00e4re ich nicht im Stande diese Leistungen zu erbringen. An dieser Stelle m\u00f6chte ich mich gleich bei allen bedanken, die mich auf meinem Weg unterst\u00fctzen. Ich danke nicht nur den\u00a0Betreuern\u00a0Trainingspartnern, sondern auch allen anderen die mich unterst\u00fctzen!<\/p>\n<p><a href=\"http:\/\/www.patrickangelli.at\/wp-content\/uploads\/2015\/02\/Koeln206.jpg\">\u00a0<\/a><\/p>\n","protected":false},"excerpt":{"rendered":"<p>Hinter einem erfolgreichen Sportler steht auch immer ein professionelles Team. Ohne mein Team w\u00e4re ich nicht im Stande diese Leistungen zu erbringen. An dieser Stelle m\u00f6chte ich mich gleich bei allen bedanken, die mich auf meinem Weg unterst\u00fctzen. Ich danke nicht nur den\u00a0Betreuern\u00a0Trainingspartnern, sondern auch allen anderen die mich unterst\u00fctzen! \u00a0<\/p>\n","protected":false},"author":1,"featured_media":0,"parent":0,"menu_order":3,"comment_status":"closed","ping_status":"closed","template":"","meta":[],"_links":{"self":[{"href":"http:\/\/www.patrickangelli.at\/index.php?rest_route=\/wp\/v2\/pages\/17"}],"collection":[{"href":"http:\/\/www.patrickangelli.at\/index.php?rest_route=\/wp\/v2\/pages"}],"about":[{"href":"http:\/\/www.patrickangelli.at\/index.php?rest_route=\/wp\/v2\/types\/page"}],"author":[{"embeddable":true,"href":"http:\/\/www.patrickangelli.at\/index.php?rest_route=\/wp\/v2\/users\/1"}],"replies":[{"embeddable":true,"href":"http:\/\/www.patrickangelli.at\/index.php?rest_route=%2Fwp%2Fv2%2Fcomments&post=17"}],"version-history":[{"count":4,"href":"http:\/\/www.patrickangelli.at\/index.php?rest_route=\/wp\/v2\/pages\/17\/revisions"}],"predecessor-version":[{"id":124,"href":"http:\/\/www.patrickangelli.at\/index.php?rest_route=\/wp\/v2\/pages\/17\/revisions\/124"}],"wp:attachment":[{"href":"http:\/\/www.patrickangelli.at\/index.php?rest_route=%2Fwp%2Fv2%2Fmedia&parent=17"}],"curies":[{"name":"wp","href":"https:\/\/api.w.org\/{rel}","templated":true}]}}