{"id":23,"date":"2015-02-08T14:17:40","date_gmt":"2015-02-08T14:17:40","guid":{"rendered":"http:\/\/localhost\/patrick\/?page_id=23"},"modified":"2023-06-06T17:42:58","modified_gmt":"2023-06-06T17:42:58","slug":"sponsoren","status":"publish","type":"page","link":"http:\/\/www.patrickangelli.at\/?page_id=23","title":{"rendered":"Sponsoren"},"content":{"rendered":"<p>Ein herzliches Danksch\u00f6n gilt meinen treuen Sponsoren, ohne die mein Werdegang als Sportler so nicht m\u00f6glich w\u00e4re.\u00a0 Folgende Unterst\u00fctzer m\u00f6chte ich hier erw\u00e4hnen:<\/p>\n<table>\n<tbody>\n<tr>\n<td width=\"300\"><a href=\"http:\/\/www.patrickangelli.at\/wp-content\/uploads\/2015\/02\/firmenlogo1.jpg\"><img decoding=\"async\" loading=\"lazy\" class=\"  wp-image-82 alignleft\" src=\"http:\/\/www.patrickangelli.at\/wp-content\/uploads\/2015\/02\/firmenlogo1-300x153.jpg\" alt=\"firmenlogo\" width=\"243\" height=\"122\" \/><\/a><\/td>\n<td style=\"text-align: left;\"><strong>Rohr Mertl <\/strong><\/p>\n<p><a title=\"http:\/\/www.mertl.com\/\" href=\"http:\/\/www.mertl.com\/\" target=\"_blank\" rel=\"noopener\">www.mertl.com<\/a><\/td>\n<\/tr>\n<tr>\n<td width=\"300\"><\/td>\n<td style=\"text-align: left;\"><\/td>\n<\/tr>\n<tr>\n<td width=\"300\"><\/td>\n<td style=\"text-align: left;\"><\/td>\n<\/tr>\n<\/tbody>\n<\/table>\n","protected":false},"excerpt":{"rendered":"<p>Ein herzliches Danksch\u00f6n gilt meinen treuen Sponsoren, ohne die mein Werdegang als Sportler so nicht m\u00f6glich w\u00e4re.\u00a0 Folgende Unterst\u00fctzer m\u00f6chte ich hier erw\u00e4hnen: Rohr Mertl www.mertl.com<\/p>\n","protected":false},"author":1,"featured_media":0,"parent":0,"menu_order":4,"comment_status":"closed","ping_status":"closed","template":"","meta":[],"_links":{"self":[{"href":"http:\/\/www.patrickangelli.at\/index.php?rest_route=\/wp\/v2\/pages\/23"}],"collection":[{"href":"http:\/\/www.patrickangelli.at\/index.php?rest_route=\/wp\/v2\/pages"}],"about":[{"href":"http:\/\/www.patrickangelli.at\/index.php?rest_route=\/wp\/v2\/types\/page"}],"author":[{"embeddable":true,"href":"http:\/\/www.patrickangelli.at\/index.php?rest_route=\/wp\/v2\/users\/1"}],"replies":[{"embeddable":true,"href":"http:\/\/www.patrickangelli.at\/index.php?rest_route=%2Fwp%2Fv2%2Fcomments&post=23"}],"version-history":[{"count":9,"href":"http:\/\/www.patrickangelli.at\/index.php?rest_route=\/wp\/v2\/pages\/23\/revisions"}],"predecessor-version":[{"id":127,"href":"http:\/\/www.patrickangelli.at\/index.php?rest_route=\/wp\/v2\/pages\/23\/revisions\/127"}],"wp:attachment":[{"href":"http:\/\/www.patrickangelli.at\/index.php?rest_route=%2Fwp%2Fv2%2Fmedia&parent=23"}],"curies":[{"name":"wp","href":"https:\/\/api.w.org\/{rel}","templated":true}]}}