{"id":6,"date":"2015-02-08T12:51:26","date_gmt":"2015-02-08T12:51:26","guid":{"rendered":"http:\/\/localhost\/patrick\/?page_id=2"},"modified":"2016-01-01T14:48:26","modified_gmt":"2016-01-01T14:48:26","slug":"beispiel-seite-2","status":"publish","type":"page","link":"http:\/\/www.patrickangelli.at\/","title":{"rendered":"Startseite"},"content":{"rendered":"<p>Hallo mein Name ist Patrick Angelli und ich begr\u00fc\u00dfe Dich auf meiner Webseite!<\/p>\n<p>Ich bin Tischtennisspieler und spiele f\u00fcr den BSV Wiener Neustadt. Du findest hier Informationen \u00fcber meinen Werdegang als Tischtennisspieler, mein Team, meine Sponsoren und aktuelle Termine.<\/p>\n<p>Danke f\u00fcr deinen Besuch und viel Spa\u00df noch!<\/p>\n<p><a href=\"http:\/\/www.patrickangelli.at\/wp-content\/uploads\/2015\/02\/Koeln137.jpg\"><img decoding=\"async\" loading=\"lazy\" class=\"alignnone wp-image-65 size-full\" src=\"http:\/\/www.patrickangelli.at\/wp-content\/uploads\/2015\/02\/Koeln137.jpg\" alt=\"Koeln137\" width=\"720\" height=\"480\" srcset=\"http:\/\/www.patrickangelli.at\/wp-content\/uploads\/2015\/02\/Koeln137.jpg 720w, http:\/\/www.patrickangelli.at\/wp-content\/uploads\/2015\/02\/Koeln137-300x200.jpg 300w, http:\/\/www.patrickangelli.at\/wp-content\/uploads\/2015\/02\/Koeln137-676x451.jpg 676w\" sizes=\"(max-width: 720px) 100vw, 720px\" \/><\/a><\/p>\n<p>&nbsp;<\/p>\n","protected":false},"excerpt":{"rendered":"<p>Hallo mein Name ist Patrick Angelli und ich begr\u00fc\u00dfe Dich auf meiner Webseite! Ich bin Tischtennisspieler und spiele f\u00fcr den BSV Wiener Neustadt. Du findest hier Informationen \u00fcber meinen Werdegang als Tischtennisspieler, mein Team, meine Sponsoren und aktuelle Termine. Danke f\u00fcr deinen Besuch und viel Spa\u00df noch! &nbsp;<\/p>\n","protected":false},"author":1,"featured_media":0,"parent":0,"menu_order":1,"comment_status":"closed","ping_status":"closed","template":"","meta":[],"_links":{"self":[{"href":"http:\/\/www.patrickangelli.at\/index.php?rest_route=\/wp\/v2\/pages\/6"}],"collection":[{"href":"http:\/\/www.patrickangelli.at\/index.php?rest_route=\/wp\/v2\/pages"}],"about":[{"href":"http:\/\/www.patrickangelli.at\/index.php?rest_route=\/wp\/v2\/types\/page"}],"author":[{"embeddable":true,"href":"http:\/\/www.patrickangelli.at\/index.php?rest_route=\/wp\/v2\/users\/1"}],"replies":[{"embeddable":true,"href":"http:\/\/www.patrickangelli.at\/index.php?rest_route=%2Fwp%2Fv2%2Fcomments&post=6"}],"version-history":[{"count":3,"href":"http:\/\/www.patrickangelli.at\/index.php?rest_route=\/wp\/v2\/pages\/6\/revisions"}],"predecessor-version":[{"id":118,"href":"http:\/\/www.patrickangelli.at\/index.php?rest_route=\/wp\/v2\/pages\/6\/revisions\/118"}],"wp:attachment":[{"href":"http:\/\/www.patrickangelli.at\/index.php?rest_route=%2Fwp%2Fv2%2Fmedia&parent=6"}],"curies":[{"name":"wp","href":"https:\/\/api.w.org\/{rel}","templated":true}]}}